{"id":95,"date":"2022-01-20T15:23:49","date_gmt":"2022-01-20T15:23:49","guid":{"rendered":"https:\/\/tucorreoseguro.net\/inici\/"},"modified":"2022-08-30T09:58:42","modified_gmt":"2022-08-30T09:58:42","slug":"inici","status":"publish","type":"page","link":"https:\/\/tucorreoseguro.net\/ca\/","title":{"rendered":"Inici"},"content":{"rendered":"<p>[et_pb_section fb_built=&#8221;1&#8243; admin_label=&#8221;Header&#8221; _builder_version=&#8221;4.18.0&#8243; background_enable_image=&#8221;off&#8221; parallax=&#8221;on&#8221; custom_padding=&#8221;10vw||&#8221; global_colors_info=&#8221;{}&#8221;][et_pb_row _builder_version=&#8221;4.18.0&#8243; background_image=&#8221;https:\/\/tucorreoseguro.net\/wp-content\/uploads\/2022\/08\/BMAIL_header.jpg&#8221; z_index=&#8221;1&#8243; width=&#8221;100%&#8221; max_width=&#8221;2560px&#8221; module_alignment=&#8221;center&#8221; min_height=&#8221;802px&#8221; custom_margin=&#8221;-228px|auto|-158px|auto||&#8221; custom_padding=&#8221;||159px|||&#8221; global_colors_info=&#8221;{}&#8221;][et_pb_column type=&#8221;4_4&#8243; _builder_version=&#8221;4.16&#8243; global_colors_info=&#8221;{}&#8221;][\/et_pb_column][\/et_pb_row][\/et_pb_section][et_pb_section fb_built=&#8221;1&#8243; admin_label=&#8221;Feature&#8221; _builder_version=&#8221;4.16&#8243; use_background_color_gradient=&#8221;on&#8221; background_color_gradient_type=&#8221;circular&#8221; background_color_gradient_direction_radial=&#8221;top right&#8221; background_color_gradient_stops=&#8221;#00ffd8 0%|#0029e2 100%&#8221; background_color_gradient_start=&#8221;#00ffd8&#8243; background_color_gradient_end=&#8221;#0029e2&#8243; background_image=&#8221;https:\/\/tucorreoseguro.net\/wp-content\/uploads\/2022\/01\/cyber-security-03-1.png&#8221; background_position=&#8221;bottom_center&#8221; custom_margin=&#8221;100px||100px||true&#8221; custom_padding=&#8221;0vw||0vw||true|&#8221; locked=&#8221;off&#8221; global_colors_info=&#8221;{}&#8221;][et_pb_row column_structure=&#8221;2_5,3_5&#8243; _builder_version=&#8221;4.16&#8243; z_index=&#8221;1&#8243; global_colors_info=&#8221;{}&#8221;][et_pb_column type=&#8221;2_5&#8243; _builder_version=&#8221;4.16&#8243; global_colors_info=&#8221;{}&#8221;][et_pb_text _builder_version=&#8221;4.18.0&#8243; text_font=&#8221;||||||||&#8221; header_2_font=&#8221;Overpass|900|||||||&#8221; header_2_font_size=&#8221;56px&#8221; header_2_line_height=&#8221;1.1em&#8221; header_3_font=&#8221;Overpass|600|||||||&#8221; header_3_text_color=&#8221;#00b4ff&#8221; header_3_font_size=&#8221;30px&#8221; header_3_line_height=&#8221;1.2em&#8221; background_layout=&#8221;dark&#8221; custom_padding=&#8221;|||||&#8221; header_2_font_size_tablet=&#8221;38px&#8221; header_2_font_size_phone=&#8221;26px&#8221; header_2_font_size_last_edited=&#8221;on|desktop&#8221; header_3_font_tablet=&#8221;&#8221; header_3_font_phone=&#8221;Overpass|700|||||||&#8221; header_3_font_last_edited=&#8221;on|phone&#8221; header_3_font_size_tablet=&#8221;24px&#8221; header_3_font_size_phone=&#8221;18px&#8221; header_3_font_size_last_edited=&#8221;on|desktop&#8221; locked=&#8221;off&#8221; global_colors_info=&#8221;{}&#8221;]<\/p>\n<h3 style=\"text-align: center;\">Caracter\u00edstiques<\/h3>\n<h2 style=\"text-align: center;\">El teu correu, SEGUR<\/h2>\n<p>[\/et_pb_text][et_pb_text _builder_version=&#8221;4.18.0&#8243; text_font=&#8221;Overpass|300|||||||&#8221; text_font_size=&#8221;17px&#8221; text_line_height=&#8221;1.8em&#8221; background_layout=&#8221;dark&#8221; text_font_size_tablet=&#8221;&#8221; text_font_size_phone=&#8221;14px&#8221; text_font_size_last_edited=&#8221;on|desktop&#8221; locked=&#8221;off&#8221; global_colors_info=&#8221;{}&#8221;]<\/p>\n<p style=\"text-align: center;\">Amb els sistemes de correu segur basats a Zimbra, podr\u00e0 tenir un sistema de correu col\u00b7laboratiu, robust i molt segur, en servidors europeus i amb garantia de funcionament 24&#215;7<\/p>\n<p>[\/et_pb_text][et_pb_button button_text=&#8221;Veure tots els serveis&#8221; button_alignment=&#8221;center&#8221; _builder_version=&#8221;4.18.0&#8243; custom_button=&#8221;on&#8221; button_text_size=&#8221;14px&#8221; button_text_color=&#8221;#ffffff&#8221; button_bg_color=&#8221;#5bd8dd&#8221; button_border_width=&#8221;0px&#8221; button_border_radius=&#8221;100px&#8221; button_font=&#8221;Overpass|900||on|||||&#8221; button_use_icon=&#8221;off&#8221; custom_padding=&#8221;20px|30px|20px|30px|true|true&#8221; box_shadow_style=&#8221;preset3&#8243; box_shadow_vertical=&#8221;20px&#8221; box_shadow_blur=&#8221;40px&#8221; box_shadow_spread=&#8221;-10px&#8221; box_shadow_color=&#8221;rgba(0,65,131,0.4)&#8221; locked=&#8221;off&#8221; global_colors_info=&#8221;{}&#8221; box_shadow_color__hover=&#8221;#2585b2&#8243; box_shadow_blur__hover_enabled=&#8221;on&#8221; box_shadow_blur__hover=&#8221;20px&#8221; box_shadow_vertical__hover_enabled=&#8221;on&#8221; box_shadow_vertical__hover=&#8221;10px&#8221;][\/et_pb_button][\/et_pb_column][et_pb_column type=&#8221;3_5&#8243; _builder_version=&#8221;4.16&#8243; global_colors_info=&#8221;{}&#8221;][et_pb_blurb title=&#8221;Antivirus i antispam&#8221; image=&#8221;https:\/\/tucorreoseguro.net\/wp-content\/uploads\/2022\/01\/cyber-security-illustrated-icons-08.png&#8221; icon_placement=&#8221;left&#8221; image_icon_width=&#8221;120px&#8221; image_icon_width_tablet=&#8221;120px&#8221; image_icon_width_phone=&#8221;50px&#8221; image_icon_width_last_edited=&#8221;on|phone&#8221; _builder_version=&#8221;4.16&#8243; header_font=&#8221;Overpass|900|||||||&#8221; header_line_height=&#8221;1.4em&#8221; body_font=&#8221;Overpass|300|||||||&#8221; body_line_height=&#8221;1.8em&#8221; background_color=&#8221;#ffffff&#8221; text_orientation=&#8221;center&#8221; custom_padding=&#8221;24px|20px|24px|20px|true|true&#8221; border_radii=&#8221;on|10px|10px|10px|10px&#8221; box_shadow_style=&#8221;preset1&#8243; box_shadow_vertical=&#8221;10px&#8221; box_shadow_blur=&#8221;60px&#8221; box_shadow_color=&#8221;rgba(10,45,97,0.1)&#8221; image_max_width=&#8221;120px&#8221; image_max_width_tablet=&#8221;&#8221; image_max_width_phone=&#8221;50px&#8221; image_max_width_last_edited=&#8221;on|phone&#8221; locked=&#8221;off&#8221; global_colors_info=&#8221;{}&#8221;]<\/p>\n<p>Els serveis de correu amb Zimbra, ofereixen un sistema de gesti\u00f3 d&#8217;amenaces provinents de virus o gesti\u00f3 avan\u00e7ada del correu brossa.<\/p>\n<p>[\/et_pb_blurb][et_pb_blurb title=&#8221;M\u00e0xima seguretat&#8221; image=&#8221;https:\/\/tucorreoseguro.net\/wp-content\/uploads\/2022\/01\/cyber-security-illustrated-icons-03.png&#8221; icon_placement=&#8221;left&#8221; image_icon_width=&#8221;120px&#8221; image_icon_width_tablet=&#8221;120px&#8221; image_icon_width_phone=&#8221;50px&#8221; image_icon_width_last_edited=&#8221;on|phone&#8221; _builder_version=&#8221;4.18.0&#8243; header_font=&#8221;Overpass|900|||||||&#8221; header_line_height=&#8221;1.4em&#8221; body_font=&#8221;Overpass|300|||||||&#8221; body_line_height=&#8221;1.8em&#8221; background_color=&#8221;#ffffff&#8221; text_orientation=&#8221;center&#8221; custom_padding=&#8221;24px|20px|24px|20px|true|true&#8221; border_radii=&#8221;on|10px|10px|10px|10px&#8221; box_shadow_style=&#8221;preset1&#8243; box_shadow_vertical=&#8221;10px&#8221; box_shadow_blur=&#8221;60px&#8221; box_shadow_color=&#8221;rgba(10,45,97,0.1)&#8221; image_max_width=&#8221;120px&#8221; image_max_width_tablet=&#8221;&#8221; image_max_width_phone=&#8221;50px&#8221; image_max_width_last_edited=&#8221;on|phone&#8221; locked=&#8221;off&#8221; global_colors_info=&#8221;{}&#8221;]<\/p>\n<p>Tucorreoseguro.net us protegeix <span>d&#8217;estafes, phishing, suplantaci\u00f3 d&#8217;identitat, malware i altres ransomware.<\/span><\/p>\n<p>[\/et_pb_blurb][et_pb_blurb title=&#8221;Confian\u00e7a i experi\u00e8ncia&#8221; image=&#8221;https:\/\/tucorreoseguro.net\/wp-content\/uploads\/2022\/01\/cyber-security-illustrated-icons-06.png&#8221; icon_placement=&#8221;left&#8221; image_icon_width=&#8221;120px&#8221; image_icon_width_tablet=&#8221;120px&#8221; image_icon_width_phone=&#8221;50px&#8221; image_icon_width_last_edited=&#8221;on|phone&#8221; _builder_version=&#8221;4.18.0&#8243; header_font=&#8221;Overpass|900|||||||&#8221; header_line_height=&#8221;1.4em&#8221; body_font=&#8221;Overpass|300|||||||&#8221; body_line_height=&#8221;1.8em&#8221; background_color=&#8221;#ffffff&#8221; text_orientation=&#8221;center&#8221; custom_padding=&#8221;24px|20px|24px|20px|true|true&#8221; border_radii=&#8221;on|10px|10px|10px|10px&#8221; box_shadow_style=&#8221;preset1&#8243; box_shadow_vertical=&#8221;10px&#8221; box_shadow_blur=&#8221;60px&#8221; box_shadow_color=&#8221;rgba(10,45,97,0.1)&#8221; image_max_width=&#8221;120px&#8221; image_max_width_tablet=&#8221;&#8221; image_max_width_phone=&#8221;50px&#8221; image_max_width_last_edited=&#8221;on|phone&#8221; locked=&#8221;off&#8221; global_colors_info=&#8221;{}&#8221;]<\/p>\n<p>Fa m\u00e9s de 12 anys que gestionem i protegim milers de comptes de correu electr\u00f2nic.<\/p>\n<p>[\/et_pb_blurb][\/et_pb_column][\/et_pb_row][\/et_pb_section][et_pb_section fb_built=&#8221;1&#8243; admin_label=&#8221;Features&#8221; _builder_version=&#8221;4.18.0&#8243; background_color=&#8221;RGBA(255,255,255,0)&#8221; use_background_color_gradient=&#8221;on&#8221; background_color_gradient_type=&#8221;circular&#8221; background_color_gradient_stops=&#8221;#004183 0%|#001f4c 100%&#8221; background_color_gradient_start=&#8221;#004183&#8243; background_color_gradient_end=&#8221;#001f4c&#8221; background_size=&#8221;contain&#8221; background_position=&#8221;bottom_center&#8221; min_height=&#8221;773.9px&#8221; custom_margin=&#8221;-137px|||||&#8221; custom_padding=&#8221;||0px|||&#8221; top_divider_height=&#8221;26vw&#8221; top_divider_flip=&#8221;horizontal&#8221; bottom_divider_color=&#8221;#dcecff&#8221; bottom_divider_height=&#8221;30vw&#8221; bottom_divider_arrangement=&#8221;above_content&#8221; locked=&#8221;off&#8221; global_colors_info=&#8221;{}&#8221;][et_pb_row _builder_version=&#8221;4.18.0&#8243; _module_preset=&#8221;default&#8221; global_colors_info=&#8221;{}&#8221;][et_pb_column type=&#8221;4_4&#8243; _builder_version=&#8221;4.18.0&#8243; _module_preset=&#8221;default&#8221; global_colors_info=&#8221;{}&#8221;][et_pb_text _builder_version=&#8221;4.18.0&#8243; _module_preset=&#8221;default&#8221; text_text_color=&#8221;#FFFFFF&#8221; global_colors_info=&#8221;{}&#8221;]<\/p>\n<h1 style=\"text-align: center;\"><span style=\"color: #ffffff;\"><strong>ELS NOSTRES SERVEIS<\/strong><\/span><\/h1>\n<p>[\/et_pb_text][\/et_pb_column][\/et_pb_row][et_pb_row column_structure=&#8221;1_4,1_4,1_4,1_4&#8243; _builder_version=&#8221;4.18.0&#8243; _module_preset=&#8221;default&#8221; global_colors_info=&#8221;{}&#8221;][et_pb_column type=&#8221;1_4&#8243; _builder_version=&#8221;4.18.0&#8243; _module_preset=&#8221;default&#8221; global_colors_info=&#8221;{}&#8221;][et_pb_blurb url=&#8221;https:\/\/www.btactic.com\/zimbra\/&#8221; url_new_window=&#8221;on&#8221; image=&#8221;https:\/\/tucorreoseguro.net\/wp-content\/uploads\/2022\/08\/Zimbra-logo-color.png&#8221; _builder_version=&#8221;4.18.0&#8243; _module_preset=&#8221;default&#8221; header_level=&#8221;h1&#8243; header_text_align=&#8221;center&#8221; header_text_color=&#8221;#FFFFFF&#8221; background_color=&#8221;RGBA(255,255,255,0)&#8221; global_colors_info=&#8221;{}&#8221;]<\/p>\n<p style=\"text-align: justify;\"><strong><span style=\"color: #ffffff;\">Els nostres servidors de correu electr\u00f2nic segur funcionen 100% amb Zimbra, l&#8217;eina col\u00b7laborativa de codi obert l\u00edder a nivell mundial. <\/span><\/strong><\/p>\n<p style=\"text-align: justify;\"><strong><span style=\"color: #ffffff;\">Amb Zimbra podreu gestionar tot el vostre correu electr\u00f2nic de forma segura i r\u00e0pida.<\/span><\/strong><strong><span style=\"color: #ffffff;\"><\/span><\/strong><\/p>\n<p style=\"text-align: justify;\">\n<p>[\/et_pb_blurb][\/et_pb_column][et_pb_column type=&#8221;1_4&#8243; _builder_version=&#8221;4.18.0&#8243; _module_preset=&#8221;default&#8221; global_colors_info=&#8221;{}&#8221;][et_pb_blurb url=&#8221;https:\/\/www.spamexperts.com\/es&#8221; url_new_window=&#8221;on&#8221; image=&#8221;https:\/\/tucorreoseguro.net\/wp-content\/uploads\/2022\/08\/nable-spamexperts.png&#8221; image_icon_width=&#8221;100%&#8221; _builder_version=&#8221;4.18.0&#8243; _module_preset=&#8221;default&#8221; hover_enabled=&#8221;0&#8243; global_colors_info=&#8221;{}&#8221; sticky_enabled=&#8221;0&#8243; custom_margin=&#8221;|-15px||||&#8221;]<\/p>\n<p style=\"text-align: justify;\"><span style=\"color: #ffffff;\"><strong>Amb Spam Experts podr\u00e0 gestionar f\u00e0cilment els sistemes de filtratge antispam i antivirus.<\/strong><\/span><\/p>\n<p style=\"text-align: justify;\"><span style=\"color: #ffffff;\"><strong>Recomanat per a un nivell de seguretat b\u00e0sic a empreses i organitzacions.<\/strong><\/span><\/p>\n<p>[\/et_pb_blurb][\/et_pb_column][et_pb_column type=&#8221;1_4&#8243; _builder_version=&#8221;4.18.0&#8243; _module_preset=&#8221;default&#8221; global_colors_info=&#8221;{}&#8221;][et_pb_blurb url=&#8221;https:\/\/www.alinto.com\/es\/&#8221; url_new_window=&#8221;on&#8221; image=&#8221;https:\/\/tucorreoseguro.net\/wp-content\/uploads\/2022\/08\/serenamail-2.png&#8221; image_icon_width=&#8221;200%&#8221; _builder_version=&#8221;4.18.0&#8243; _module_preset=&#8221;default&#8221; global_colors_info=&#8221;{}&#8221;]<\/p>\n<p style=\"text-align: justify;\"><span style=\"color: #ffffff;\"><strong>Amb Serenamail by Alinto, podr\u00e0 augmentar el seu nivell de seguretat b\u00e0sic, afegint protecci\u00f3 contra amenaces i gestionant tot el sistema en un panell personalitzat.<\/strong><\/span><\/p>\n<p style=\"text-align: justify;\"><span style=\"color: #ffffff;\"><strong>Recomanat per a nivells de seguretat mitjana.<\/strong><\/span><\/p>\n<p>[\/et_pb_blurb][\/et_pb_column][et_pb_column type=&#8221;1_4&#8243; _builder_version=&#8221;4.18.0&#8243; _module_preset=&#8221;default&#8221; global_colors_info=&#8221;{}&#8221;][et_pb_blurb url=&#8221;https:\/\/www.hornetsecurity.com\/es&#8221; url_new_window=&#8221;on&#8221; image=&#8221;https:\/\/tucorreoseguro.net\/wp-content\/uploads\/2022\/08\/logo_hornetsecurity-1240&#215;614-1.png&#8221; image_icon_width=&#8221;65%&#8221; _builder_version=&#8221;4.18.0&#8243; _module_preset=&#8221;default&#8221; body_text_align=&#8221;justify&#8221; body_text_color=&#8221;#FFFFFF&#8221; global_colors_info=&#8221;{}&#8221; width=&#8221;100%&#8221; custom_padding=&#8221;|0px||0px||&#8221;]<\/p>\n<p><strong><span style=\"color: #ffffff;\">Amb Hornet Security obtindr\u00e0 els millors resultats en el filtratge antispam, antivirus i protecci\u00f3 avan\u00e7ada contra amenaces. <\/span><\/strong><\/p>\n<p><strong><span style=\"color: #ffffff;\">Recomanat per a sistemes d&#8217;alta seguretat.<\/span><\/strong><\/p>\n<p>[\/et_pb_blurb][\/et_pb_column][\/et_pb_row][\/et_pb_section][et_pb_section fb_built=&#8221;1&#8243; admin_label=&#8221;Footer&#8221; _builder_version=&#8221;4.16&#8243; use_background_color_gradient=&#8221;on&#8221; background_color_gradient_type=&#8221;circular&#8221; background_color_gradient_direction_radial=&#8221;top right&#8221; background_color_gradient_stops=&#8221;#3122b2 0%|#00ffd8 100%&#8221; background_color_gradient_start=&#8221;#3122b2&#8243; background_color_gradient_end=&#8221;#00ffd8&#8243; background_image=&#8221;https:\/\/tucorreoseguro.net\/wp-content\/uploads\/2022\/01\/cyber-security-17.png&#8221; z_index=&#8221;10&#8243; overflow-x=&#8221;visible&#8221; overflow-y=&#8221;visible&#8221; custom_padding=&#8221;||10vw|||&#8221; locked=&#8221;off&#8221; global_colors_info=&#8221;{}&#8221;][et_pb_row column_structure=&#8221;2_5,3_5&#8243; make_equal=&#8221;on&#8221; _builder_version=&#8221;4.16&#8243; background_color=&#8221;#ffffff&#8221; custom_margin=&#8221;-146px|auto|-2px|auto||&#8221; custom_padding=&#8221;0px||0px||true&#8221; border_radii=&#8221;on|10px|10px|10px|10px&#8221; box_shadow_style=&#8221;preset1&#8243; box_shadow_vertical=&#8221;40px&#8221; box_shadow_blur=&#8221;60px&#8221; box_shadow_spread=&#8221;-8px&#8221; box_shadow_color=&#8221;rgba(10,45,97,0.48)&#8221; locked=&#8221;off&#8221; global_colors_info=&#8221;{}&#8221;][et_pb_column type=&#8221;2_5&#8243; _builder_version=&#8221;4.16&#8243; custom_padding=&#8221;60px|40px|60px|40px|true|true&#8221; global_colors_info=&#8221;{}&#8221;][et_pb_text _builder_version=&#8221;4.16&#8243; header_2_font=&#8221;Overpass|900|||||||&#8221; header_2_font_size=&#8221;56px&#8221; header_2_line_height=&#8221;1.1em&#8221; header_2_font_size_tablet=&#8221;38px&#8221; header_2_font_size_phone=&#8221;26px&#8221; header_2_font_size_last_edited=&#8221;on|desktop&#8221; locked=&#8221;off&#8221; global_colors_info=&#8221;{}&#8221;]<\/p>\n<h2>Contacte<\/h2>\n<p>[\/et_pb_text][et_pb_blurb title=&#8221;+34 973 270 383&#8243; use_icon=&#8221;on&#8221; font_icon=&#8221;&#xe090;||divi||400&#8243; icon_color=&#8221;#006ac1&#8243; icon_placement=&#8221;left&#8221; image_icon_width=&#8221;24px&#8221; _builder_version=&#8221;4.18.0&#8243; header_font=&#8221;Overpass|900|||||||&#8221; header_line_height=&#8221;1.4em&#8221; body_font=&#8221;Overpass|300|||||||&#8221; body_line_height=&#8221;1.8em&#8221; text_orientation=&#8221;center&#8221; icon_font_size=&#8221;24px&#8221; locked=&#8221;off&#8221; global_colors_info=&#8221;{}&#8221;][\/et_pb_blurb][et_pb_blurb title=&#8221;Avinguda Balmes, 34 4o 1B 25006 Lleida (Spain)&#8221; use_icon=&#8221;on&#8221; font_icon=&#8221;&#xe081;||divi||400&#8243; icon_color=&#8221;#006ac1&#8243; icon_placement=&#8221;left&#8221; image_icon_width=&#8221;24px&#8221; _builder_version=&#8221;4.16&#8243; header_font=&#8221;Overpass|900|||||||&#8221; header_line_height=&#8221;1.4em&#8221; body_font=&#8221;Overpass|300|||||||&#8221; body_line_height=&#8221;1.8em&#8221; text_orientation=&#8221;center&#8221; icon_font_size=&#8221;24px&#8221; locked=&#8221;off&#8221; global_colors_info=&#8221;{}&#8221;]<\/p>\n<p>Dilluns &#8211; Divendres 8h a 18h<\/p>\n<p>[\/et_pb_blurb][\/et_pb_column][et_pb_column type=&#8221;3_5&#8243; _builder_version=&#8221;4.16&#8243; use_background_color_gradient=&#8221;on&#8221; background_color_gradient_type=&#8221;circular&#8221; background_color_gradient_direction_radial=&#8221;top right&#8221; background_color_gradient_stops=&#8221;#00f6ff 0%|#00ffbf 100%&#8221; background_color_gradient_start=&#8221;#00f6ff&#8221; background_color_gradient_end=&#8221;#00ffbf&#8221; background_image=&#8221;https:\/\/tucorreoseguro.net\/wp-content\/uploads\/2022\/01\/cyber-security-010-1.png&#8221; background_size=&#8221;contain&#8221; background_position=&#8221;bottom_left&#8221; transform_translate_linked=&#8221;off&#8221; custom_padding=&#8221;60px|40px|60px|20%|true&#8221; custom_padding_tablet=&#8221;80px|||40px&#8221; custom_padding_phone=&#8221;&#8221; custom_padding_last_edited=&#8221;on|desktop&#8221; background_last_edited=&#8221;on|desktop&#8221; background_image_tablet=&#8221;http:\/\/zaib.sandbox.etdevs.com\/divi\/wp-content\/uploads\/sites\/2\/2019\/06\/cyber-security-11.png&#8221; background_enable_image_tablet=&#8221;on&#8221; background_position_tablet=&#8221;top_left&#8221; global_colors_info=&#8221;{}&#8221;][et_pb_text _builder_version=&#8221;4.16&#8243; text_font=&#8221;||||||||&#8221; header_2_font=&#8221;Overpass|900|||||||&#8221; header_2_font_size=&#8221;56px&#8221; header_2_line_height=&#8221;1.1em&#8221; text_orientation=&#8221;center&#8221; header_2_font_size_tablet=&#8221;38px&#8221; header_2_font_size_phone=&#8221;26px&#8221; header_2_font_size_last_edited=&#8221;on|desktop&#8221; text_text_align=&#8221;center&#8221; locked=&#8221;off&#8221; global_colors_info=&#8221;{}&#8221;]<\/p>\n<h2>Vull m\u00e9s informaci\u00f3<\/h2>\n<p>[\/et_pb_text][et_pb_contact_form use_spam_service=&#8221;on&#8221; recaptcha_list=&#8221;btacticlleida@gmailcom-0&#8243; _builder_version=&#8221;4.18.0&#8243; _module_preset=&#8221;default&#8221; _unique_id=&#8221;0a3d33cb-a430-4b68-94e0-7290e50db2fc&#8221; global_colors_info=&#8221;{}&#8221;][et_pb_contact_field field_id=&#8221;Nombre&#8221; field_title=&#8221;Nom i Cognoms&#8221; fullwidth_field=&#8221;on&#8221; _builder_version=&#8221;4.18.0&#8243; _module_preset=&#8221;default&#8221; global_colors_info=&#8221;{}&#8221;][\/et_pb_contact_field][et_pb_contact_field field_id=&#8221;Empresa&#8221; field_title=&#8221;Empresa&#8221; _builder_version=&#8221;4.18.0&#8243; global_colors_info=&#8221;{}&#8221; button_text_size__hover_enabled=&#8221;off&#8221; button_one_text_size__hover_enabled=&#8221;off&#8221; button_two_text_size__hover_enabled=&#8221;off&#8221; button_text_color__hover_enabled=&#8221;off&#8221; button_one_text_color__hover_enabled=&#8221;off&#8221; button_two_text_color__hover_enabled=&#8221;off&#8221; button_border_width__hover_enabled=&#8221;off&#8221; button_one_border_width__hover_enabled=&#8221;off&#8221; button_two_border_width__hover_enabled=&#8221;off&#8221; button_border_color__hover_enabled=&#8221;off&#8221; button_one_border_color__hover_enabled=&#8221;off&#8221; button_two_border_color__hover_enabled=&#8221;off&#8221; button_border_radius__hover_enabled=&#8221;off&#8221; button_one_border_radius__hover_enabled=&#8221;off&#8221; button_two_border_radius__hover_enabled=&#8221;off&#8221; button_letter_spacing__hover_enabled=&#8221;off&#8221; button_one_letter_spacing__hover_enabled=&#8221;off&#8221; button_two_letter_spacing__hover_enabled=&#8221;off&#8221; button_bg_color__hover_enabled=&#8221;off&#8221; button_one_bg_color__hover_enabled=&#8221;off&#8221; button_two_bg_color__hover_enabled=&#8221;off&#8221;][\/et_pb_contact_field][et_pb_contact_field field_id=&#8221;Tel\u00e9fono&#8221; field_title=&#8221;Tel\u00e8fon&#8221; required_mark=&#8221;off&#8221; fullwidth_field=&#8221;on&#8221; _builder_version=&#8221;4.18.0&#8243; _module_preset=&#8221;default&#8221; global_colors_info=&#8221;{}&#8221;][\/et_pb_contact_field][et_pb_contact_field field_id=&#8221;Email&#8221; field_title=&#8221;Adre\u00e7a de correu electr\u00f2nic&#8221; field_type=&#8221;email&#8221; _builder_version=&#8221;4.18.0&#8243; global_colors_info=&#8221;{}&#8221; button_text_size__hover_enabled=&#8221;off&#8221; button_one_text_size__hover_enabled=&#8221;off&#8221; button_two_text_size__hover_enabled=&#8221;off&#8221; button_text_color__hover_enabled=&#8221;off&#8221; button_one_text_color__hover_enabled=&#8221;off&#8221; button_two_text_color__hover_enabled=&#8221;off&#8221; button_border_width__hover_enabled=&#8221;off&#8221; button_one_border_width__hover_enabled=&#8221;off&#8221; button_two_border_width__hover_enabled=&#8221;off&#8221; button_border_color__hover_enabled=&#8221;off&#8221; button_one_border_color__hover_enabled=&#8221;off&#8221; button_two_border_color__hover_enabled=&#8221;off&#8221; button_border_radius__hover_enabled=&#8221;off&#8221; button_one_border_radius__hover_enabled=&#8221;off&#8221; button_two_border_radius__hover_enabled=&#8221;off&#8221; button_letter_spacing__hover_enabled=&#8221;off&#8221; button_one_letter_spacing__hover_enabled=&#8221;off&#8221; button_two_letter_spacing__hover_enabled=&#8221;off&#8221; button_bg_color__hover_enabled=&#8221;off&#8221; button_one_bg_color__hover_enabled=&#8221;off&#8221; button_two_bg_color__hover_enabled=&#8221;off&#8221;][\/et_pb_contact_field][et_pb_contact_field field_id=&#8221;Message&#8221; field_title=&#8221;Missatge&#8221; field_type=&#8221;text&#8221; fullwidth_field=&#8221;on&#8221; _builder_version=&#8221;4.16&#8243; global_colors_info=&#8221;{}&#8221; button_text_size__hover_enabled=&#8221;off&#8221; button_one_text_size__hover_enabled=&#8221;off&#8221; button_two_text_size__hover_enabled=&#8221;off&#8221; button_text_color__hover_enabled=&#8221;off&#8221; button_one_text_color__hover_enabled=&#8221;off&#8221; button_two_text_color__hover_enabled=&#8221;off&#8221; button_border_width__hover_enabled=&#8221;off&#8221; button_one_border_width__hover_enabled=&#8221;off&#8221; button_two_border_width__hover_enabled=&#8221;off&#8221; button_border_color__hover_enabled=&#8221;off&#8221; button_one_border_color__hover_enabled=&#8221;off&#8221; button_two_border_color__hover_enabled=&#8221;off&#8221; button_border_radius__hover_enabled=&#8221;off&#8221; button_one_border_radius__hover_enabled=&#8221;off&#8221; button_two_border_radius__hover_enabled=&#8221;off&#8221; button_letter_spacing__hover_enabled=&#8221;off&#8221; button_one_letter_spacing__hover_enabled=&#8221;off&#8221; button_two_letter_spacing__hover_enabled=&#8221;off&#8221; button_bg_color__hover_enabled=&#8221;off&#8221; button_one_bg_color__hover_enabled=&#8221;off&#8221; button_two_bg_color__hover_enabled=&#8221;off&#8221;][\/et_pb_contact_field][\/et_pb_contact_form][\/et_pb_column][\/et_pb_row][\/et_pb_section]<\/p>\n","protected":false},"excerpt":{"rendered":"<p>Caracter\u00edstiques El teu correu, SEGURAmb els sistemes de correu segur basats a Zimbra, podr\u00e0 tenir un sistema de correu col\u00b7laboratiu, robust i molt segur, en servidors europeus i amb garantia de funcionament 24x7Els serveis de correu amb Zimbra, ofereixen un sistema de gesti\u00f3 d&#8217;amenaces provinents de virus o gesti\u00f3 avan\u00e7ada del correu brossa.Tucorreoseguro.net us protegeix [&hellip;]<\/p>\n","protected":false},"author":1,"featured_media":0,"parent":0,"menu_order":0,"comment_status":"closed","ping_status":"closed","template":"","meta":{"_et_pb_use_builder":"on","_et_pb_old_content":"","_et_gb_content_width":"","footnotes":""},"class_list":["post-95","page","type-page","status-publish","hentry"],"jetpack_sharing_enabled":true,"_links":{"self":[{"href":"https:\/\/tucorreoseguro.net\/ca\/wp-json\/wp\/v2\/pages\/95","targetHints":{"allow":["GET"]}}],"collection":[{"href":"https:\/\/tucorreoseguro.net\/ca\/wp-json\/wp\/v2\/pages"}],"about":[{"href":"https:\/\/tucorreoseguro.net\/ca\/wp-json\/wp\/v2\/types\/page"}],"author":[{"embeddable":true,"href":"https:\/\/tucorreoseguro.net\/ca\/wp-json\/wp\/v2\/users\/1"}],"replies":[{"embeddable":true,"href":"https:\/\/tucorreoseguro.net\/ca\/wp-json\/wp\/v2\/comments?post=95"}],"version-history":[{"count":9,"href":"https:\/\/tucorreoseguro.net\/ca\/wp-json\/wp\/v2\/pages\/95\/revisions"}],"predecessor-version":[{"id":168,"href":"https:\/\/tucorreoseguro.net\/ca\/wp-json\/wp\/v2\/pages\/95\/revisions\/168"}],"wp:attachment":[{"href":"https:\/\/tucorreoseguro.net\/ca\/wp-json\/wp\/v2\/media?parent=95"}],"curies":[{"name":"wp","href":"https:\/\/api.w.org\/{rel}","templated":true}]}}